{"id":2242,"date":"2023-08-02T21:06:42","date_gmt":"2023-08-02T20:06:42","guid":{"rendered":"https:\/\/gsavalia.pt\/privacy-and-cookies-policy\/"},"modified":"2023-08-02T21:25:16","modified_gmt":"2023-08-02T20:25:16","slug":"privacy-and-cookies-policy","status":"publish","type":"page","link":"https:\/\/gsavalia.pt\/en\/privacy-and-cookies-policy\/","title":{"rendered":"Privacy and Cookies Policy"},"content":{"rendered":"\t\t<div data-elementor-type=\"wp-post\" data-elementor-id=\"2242\" class=\"elementor elementor-2242 elementor-3\" data-elementor-post-type=\"page\">\n\t\t\t\t\t\t<section class=\"elementor-section elementor-top-section elementor-element elementor-element-23ef3487 elementor-section-boxed elementor-section-height-default elementor-section-height-default\" data-id=\"23ef3487\" data-element_type=\"section\" data-e-type=\"section\">\n\t\t\t\t\t\t<div class=\"elementor-container elementor-column-gap-default\">\n\t\t\t\t\t<div class=\"elementor-column elementor-col-100 elementor-top-column elementor-element elementor-element-4bce36b8\" data-id=\"4bce36b8\" data-element_type=\"column\" data-e-type=\"column\">\n\t\t\t<div class=\"elementor-widget-wrap elementor-element-populated\">\n\t\t\t\t\t\t<div class=\"elementor-element elementor-element-0d61664 elementor-widget elementor-widget-heading\" data-id=\"0d61664\" data-element_type=\"widget\" data-e-type=\"widget\" data-widget_type=\"heading.default\">\n\t\t\t\t<div class=\"elementor-widget-container\">\n\t\t\t\t\t<h1 class=\"elementor-heading-title elementor-size-default\">GSAVALIA Privacy Policy<\/h1>\t\t\t\t<\/div>\n\t\t\t\t<\/div>\n\t\t\t\t<div class=\"elementor-element elementor-element-42e3212b elementor-widget elementor-widget-text-editor\" data-id=\"42e3212b\" data-element_type=\"widget\" data-e-type=\"widget\" data-widget_type=\"text-editor.default\">\n\t\t\t\t<div class=\"elementor-widget-container\">\n\t\t\t\t\t\t\t\t\t\r\n<h2>What information do we collect?<\/h2>\r\n<p class=\"MsoNormal\">We ask for identifying information when you order a service, respond to a survey, correspond with us or engage in certain other activities.<\/p>\r\n<p class=\"MsoNormal\">If you do not wish to provide the requested personal information, you may not be able to complete the transaction.<\/p>\r\n<p class=\"MsoNormal\">Likewise, when you visit our Websites, we collect information known as \u201cclickstreams\u201d (IP address, domain name, etc.). This information, combined with the data you have provided, allows us to better personalize your visits.<\/p>\r\n\r\n<h2>For what purpose do we use the information we collect?<\/h2>\r\n<p class=\"MsoNormal\">To provide you with information about our activity, new methods, new laws, newsletters and emails.<\/p>\r\n<p class=\"MsoNormal\">To provide you with other information that may be of interest to you.<\/p>\r\n\r\n<h2>How do we protect your personal information?<\/h2>\r\n<p class=\"MsoNormal\">To ensure the security of your personal information, we have established a series of security measures and protections. Your personal information is stored on secure networks, despite these measures, when you provide personal information on the Internet there is always a risk that it may be intercepted and used by third parties beyond our control. We make every effort to protect your personal information and privacy, however we cannot guarantee the security of information you make available over the Internet.<\/p>\r\n\r\n<h2>Who has access to this personal information and to what extent?<\/h2>\r\n<p class=\"MsoNormal\">In addition to our company and for the purposes described above, we do not sell, exchange or transfer your personal information to third parties in any way. However, your personal information may be disclosed to companies subcontracted by us to perform certain services. They can also be used to provide technical assistance. In either case, we require such subcontractors to keep our customers&#8217; personal information secure and confidential. We also require these suppliers to use personal information only on behalf of GSAVALIA.<\/p>\r\n<p class=\"MsoNormal\">At any time, you can choose not to allow your personal information to be shared with third parties. Such a request can be made by sending an email to info@gsavalia.pt<\/p>\r\n\r\n<h2>Links \/ Cookies<\/h2>\r\n<p class=\"MsoNormal\">In order to improve the services offered, we may include links to third party websites. GSAVALIA is not responsible for the privacy practices of such websites. We recommend that you read the respective privacy statements, as they may differ from ours.<\/p>\r\n<p class=\"MsoNormal\">GSAVALIA Websites may use technology widely known in the industry as \u201ccookies\u201d. A cookie is a unique text file that a website sends to your browser software. If you do not want us to install cookies in your browser (browser) you can set it to reject cookies. Rejecting cookies may affect your ability to use some of the services on our website.<\/p>\r\n<p class=\"MsoNormal\">GSAVALIA also uses cookies to track visits to our websites. The information collected in this way helps us to optimize the content of the Websites, their navigation and their performance.<\/p>\r\n\r\n<h2>Changes to the privacy policy<\/h2>\r\n<p class=\"MsoNormal\">In the future, we may choose to modify or change the privacy policy described here, either due to changes in legislation or to cover new developments on the Internet. For this reason, we reserve the right to make any changes and recommend that you visit our website regularly to take note of these changes.<\/p>\r\n\r\n<h2>Who manages personal information?<\/h2>\r\n<p class=\"MsoNormal\">Both our Websites and the information collected are managed and controlled by GSAVALIA. GSAVALIA has its servers located in mainland Portugal, offering sufficient guarantees regarding the protection of your personal information, which are managed in accordance with current legislation regarding the protection of personal information, as well as this privacy policy.<\/p>\r\n\r\n<h2>Contact us<\/h2>\r\n<p class=\"MsoNormal\">For any questions regarding this privacy policy and privacy aspects of our products and services, or to make a complaint, please contact:<\/p>\r\n<p class=\"MsoNormal\">info@gsavalia.pt<\/p>\r\n<p class=\"MsoNormal\">Last update: January 2023<\/p>\r\n\t\t\t\t\t\t\t\t<\/div>\n\t\t\t\t<\/div>\n\t\t\t\t\t<\/div>\n\t\t<\/div>\n\t\t\t\t\t<\/div>\n\t\t<\/section>\n\t\t\t\t<\/div>\n\t\t","protected":false},"excerpt":{"rendered":"<p>GSAVALIA Privacy Policy What information do we collect? We ask for identifying information when you order a service, respond to a survey, correspond with us or engage in certain other activities. If you do not wish to provide the requested personal information, you may not be able to complete the transaction. Likewise, when you visit &#8230; <a title=\"Privacy and Cookies Policy\" class=\"read-more\" href=\"https:\/\/gsavalia.pt\/en\/privacy-and-cookies-policy\/\" aria-label=\"Read more about Privacy and Cookies Policy\">Read more<\/a><\/p>\n","protected":false},"author":1,"featured_media":0,"parent":0,"menu_order":0,"comment_status":"closed","ping_status":"closed","template":"elementor_header_footer","meta":{"footnotes":""},"class_list":["post-2242","page","type-page","status-publish"],"yoast_head":"<!-- This site is optimized with the Yoast SEO plugin v27.1.1 - https:\/\/yoast.com\/product\/yoast-seo-wordpress\/ -->\n<title>Privacy and Cookies Policy - GSAVALIA | Property valuation<\/title>\n<meta name=\"description\" content=\"Discover our privacy policy and use of cookies. At GSAVALIA, we attach great importance to your data and its protection.\" \/>\n<meta name=\"robots\" content=\"index, follow, max-snippet:-1, max-image-preview:large, max-video-preview:-1\" \/>\n<link rel=\"canonical\" href=\"https:\/\/gsavalia.pt\/en\/privacy-and-cookies-policy\/\" \/>\n<meta property=\"og:locale\" content=\"en_US\" \/>\n<meta property=\"og:type\" content=\"article\" \/>\n<meta property=\"og:title\" content=\"Privacy and Cookies Policy - GSAVALIA | Property valuation\" \/>\n<meta property=\"og:description\" content=\"Discover our privacy policy and use of cookies. At GSAVALIA, we attach great importance to your data and its protection.\" \/>\n<meta property=\"og:url\" content=\"https:\/\/gsavalia.pt\/en\/privacy-and-cookies-policy\/\" \/>\n<meta property=\"og:site_name\" content=\"Avalia\u00e7\u00e3o Imobili\u00e1ria\" \/>\n<meta property=\"article:modified_time\" content=\"2023-08-02T20:25:16+00:00\" \/>\n<meta property=\"og:image\" content=\"https:\/\/gsavalia.pt\/wp-content\/uploads\/2022\/01\/Avaliacao-de-imoveis-2.jpg\" \/>\n\t<meta property=\"og:image:width\" content=\"700\" \/>\n\t<meta property=\"og:image:height\" content=\"700\" \/>\n\t<meta property=\"og:image:type\" content=\"image\/jpeg\" \/>\n<meta name=\"twitter:card\" content=\"summary_large_image\" \/>\n<meta name=\"twitter:label1\" content=\"Est. reading time\" \/>\n\t<meta name=\"twitter:data1\" content=\"3 minutes\" \/>\n<script type=\"application\/ld+json\" class=\"yoast-schema-graph\">{\"@context\":\"https:\/\/schema.org\",\"@graph\":[{\"@type\":\"WebPage\",\"@id\":\"https:\/\/gsavalia.pt\/en\/privacy-and-cookies-policy\/\",\"url\":\"https:\/\/gsavalia.pt\/en\/privacy-and-cookies-policy\/\",\"name\":\"Privacy and Cookies Policy - GSAVALIA | Property valuation\",\"isPartOf\":{\"@id\":\"https:\/\/gsavalia.pt\/en\/#website\"},\"datePublished\":\"2023-08-02T20:06:42+00:00\",\"dateModified\":\"2023-08-02T20:25:16+00:00\",\"description\":\"Discover our privacy policy and use of cookies. At GSAVALIA, we attach great importance to your data and its protection.\",\"breadcrumb\":{\"@id\":\"https:\/\/gsavalia.pt\/en\/privacy-and-cookies-policy\/#breadcrumb\"},\"inLanguage\":\"en-US\",\"potentialAction\":[{\"@type\":\"ReadAction\",\"target\":[\"https:\/\/gsavalia.pt\/en\/privacy-and-cookies-policy\/\"]}]},{\"@type\":\"BreadcrumbList\",\"@id\":\"https:\/\/gsavalia.pt\/en\/privacy-and-cookies-policy\/#breadcrumb\",\"itemListElement\":[{\"@type\":\"ListItem\",\"position\":1,\"name\":\"Home\",\"item\":\"https:\/\/gsavalia.pt\/en\/\"},{\"@type\":\"ListItem\",\"position\":2,\"name\":\"Privacy and Cookies Policy\"}]},{\"@type\":\"WebSite\",\"@id\":\"https:\/\/gsavalia.pt\/en\/#website\",\"url\":\"https:\/\/gsavalia.pt\/en\/\",\"name\":\"Avalia\u00e7\u00e3o de Im\u00f3veis\",\"description\":\"Avalia\u00e7\u00e3o imobili\u00e1ria de confian\u00e7a\",\"publisher\":{\"@id\":\"https:\/\/gsavalia.pt\/en\/#organization\"},\"potentialAction\":[{\"@type\":\"SearchAction\",\"target\":{\"@type\":\"EntryPoint\",\"urlTemplate\":\"https:\/\/gsavalia.pt\/en\/?s={search_term_string}\"},\"query-input\":{\"@type\":\"PropertyValueSpecification\",\"valueRequired\":true,\"valueName\":\"search_term_string\"}}],\"inLanguage\":\"en-US\"},{\"@type\":\"Organization\",\"@id\":\"https:\/\/gsavalia.pt\/en\/#organization\",\"name\":\"GSAVALIA\",\"url\":\"https:\/\/gsavalia.pt\/en\/\",\"logo\":{\"@type\":\"ImageObject\",\"inLanguage\":\"en-US\",\"@id\":\"https:\/\/gsavalia.pt\/en\/#\/schema\/logo\/image\/\",\"url\":\"https:\/\/gsavalia.pt\/wp-content\/uploads\/2019\/07\/logoreal.jpg\",\"contentUrl\":\"https:\/\/gsavalia.pt\/wp-content\/uploads\/2019\/07\/logoreal.jpg\",\"width\":125,\"height\":35,\"caption\":\"GSAVALIA\"},\"image\":{\"@id\":\"https:\/\/gsavalia.pt\/en\/#\/schema\/logo\/image\/\"}}]}<\/script>\n<!-- \/ Yoast SEO plugin. -->","yoast_head_json":{"title":"Privacy and Cookies Policy - GSAVALIA | Property valuation","description":"Discover our privacy policy and use of cookies. At GSAVALIA, we attach great importance to your data and its protection.","robots":{"index":"index","follow":"follow","max-snippet":"max-snippet:-1","max-image-preview":"max-image-preview:large","max-video-preview":"max-video-preview:-1"},"canonical":"https:\/\/gsavalia.pt\/en\/privacy-and-cookies-policy\/","og_locale":"en_US","og_type":"article","og_title":"Privacy and Cookies Policy - GSAVALIA | Property valuation","og_description":"Discover our privacy policy and use of cookies. At GSAVALIA, we attach great importance to your data and its protection.","og_url":"https:\/\/gsavalia.pt\/en\/privacy-and-cookies-policy\/","og_site_name":"Avalia\u00e7\u00e3o Imobili\u00e1ria","article_modified_time":"2023-08-02T20:25:16+00:00","og_image":[{"width":700,"height":700,"url":"https:\/\/gsavalia.pt\/wp-content\/uploads\/2022\/01\/Avaliacao-de-imoveis-2.jpg","type":"image\/jpeg"}],"twitter_card":"summary_large_image","twitter_misc":{"Est. reading time":"3 minutes"},"schema":{"@context":"https:\/\/schema.org","@graph":[{"@type":"WebPage","@id":"https:\/\/gsavalia.pt\/en\/privacy-and-cookies-policy\/","url":"https:\/\/gsavalia.pt\/en\/privacy-and-cookies-policy\/","name":"Privacy and Cookies Policy - GSAVALIA | Property valuation","isPartOf":{"@id":"https:\/\/gsavalia.pt\/en\/#website"},"datePublished":"2023-08-02T20:06:42+00:00","dateModified":"2023-08-02T20:25:16+00:00","description":"Discover our privacy policy and use of cookies. At GSAVALIA, we attach great importance to your data and its protection.","breadcrumb":{"@id":"https:\/\/gsavalia.pt\/en\/privacy-and-cookies-policy\/#breadcrumb"},"inLanguage":"en-US","potentialAction":[{"@type":"ReadAction","target":["https:\/\/gsavalia.pt\/en\/privacy-and-cookies-policy\/"]}]},{"@type":"BreadcrumbList","@id":"https:\/\/gsavalia.pt\/en\/privacy-and-cookies-policy\/#breadcrumb","itemListElement":[{"@type":"ListItem","position":1,"name":"Home","item":"https:\/\/gsavalia.pt\/en\/"},{"@type":"ListItem","position":2,"name":"Privacy and Cookies Policy"}]},{"@type":"WebSite","@id":"https:\/\/gsavalia.pt\/en\/#website","url":"https:\/\/gsavalia.pt\/en\/","name":"Avalia\u00e7\u00e3o de Im\u00f3veis","description":"Avalia\u00e7\u00e3o imobili\u00e1ria de confian\u00e7a","publisher":{"@id":"https:\/\/gsavalia.pt\/en\/#organization"},"potentialAction":[{"@type":"SearchAction","target":{"@type":"EntryPoint","urlTemplate":"https:\/\/gsavalia.pt\/en\/?s={search_term_string}"},"query-input":{"@type":"PropertyValueSpecification","valueRequired":true,"valueName":"search_term_string"}}],"inLanguage":"en-US"},{"@type":"Organization","@id":"https:\/\/gsavalia.pt\/en\/#organization","name":"GSAVALIA","url":"https:\/\/gsavalia.pt\/en\/","logo":{"@type":"ImageObject","inLanguage":"en-US","@id":"https:\/\/gsavalia.pt\/en\/#\/schema\/logo\/image\/","url":"https:\/\/gsavalia.pt\/wp-content\/uploads\/2019\/07\/logoreal.jpg","contentUrl":"https:\/\/gsavalia.pt\/wp-content\/uploads\/2019\/07\/logoreal.jpg","width":125,"height":35,"caption":"GSAVALIA"},"image":{"@id":"https:\/\/gsavalia.pt\/en\/#\/schema\/logo\/image\/"}}]}},"_links":{"self":[{"href":"https:\/\/gsavalia.pt\/en\/wp-json\/wp\/v2\/pages\/2242","targetHints":{"allow":["GET"]}}],"collection":[{"href":"https:\/\/gsavalia.pt\/en\/wp-json\/wp\/v2\/pages"}],"about":[{"href":"https:\/\/gsavalia.pt\/en\/wp-json\/wp\/v2\/types\/page"}],"author":[{"embeddable":true,"href":"https:\/\/gsavalia.pt\/en\/wp-json\/wp\/v2\/users\/1"}],"replies":[{"embeddable":true,"href":"https:\/\/gsavalia.pt\/en\/wp-json\/wp\/v2\/comments?post=2242"}],"version-history":[{"count":17,"href":"https:\/\/gsavalia.pt\/en\/wp-json\/wp\/v2\/pages\/2242\/revisions"}],"predecessor-version":[{"id":2265,"href":"https:\/\/gsavalia.pt\/en\/wp-json\/wp\/v2\/pages\/2242\/revisions\/2265"}],"wp:attachment":[{"href":"https:\/\/gsavalia.pt\/en\/wp-json\/wp\/v2\/media?parent=2242"}],"curies":[{"name":"wp","href":"https:\/\/api.w.org\/{rel}","templated":true}]}}