{"id":874,"date":"2021-05-24T23:33:13","date_gmt":"2021-05-24T22:33:13","guid":{"rendered":"https:\/\/gsavalia.pt\/property-investments\/"},"modified":"2023-08-03T09:27:26","modified_gmt":"2023-08-03T08:27:26","slug":"property-investments","status":"publish","type":"page","link":"https:\/\/gsavalia.pt\/en\/property-investments\/","title":{"rendered":"Real Estate investments"},"content":{"rendered":"\t\t<div data-elementor-type=\"wp-post\" data-elementor-id=\"874\" class=\"elementor elementor-874 elementor-345\" data-elementor-post-type=\"page\">\n\t\t\t\t\t\t<section class=\"elementor-section elementor-top-section elementor-element elementor-element-1e5f9bd4 elementor-section-boxed elementor-section-height-default elementor-section-height-default\" data-id=\"1e5f9bd4\" data-element_type=\"section\" data-e-type=\"section\" data-settings=\"{&quot;background_background&quot;:&quot;classic&quot;}\">\n\t\t\t\t\t\t\t<div class=\"elementor-background-overlay\"><\/div>\n\t\t\t\t\t\t\t<div class=\"elementor-container elementor-column-gap-default\">\n\t\t\t\t\t<div class=\"elementor-column elementor-col-100 elementor-top-column elementor-element elementor-element-5a67d268\" data-id=\"5a67d268\" data-element_type=\"column\" data-e-type=\"column\">\n\t\t\t<div class=\"elementor-widget-wrap elementor-element-populated\">\n\t\t\t\t\t\t<div class=\"elementor-element elementor-element-63b38a1e elementor-widget elementor-widget-heading\" data-id=\"63b38a1e\" data-element_type=\"widget\" data-e-type=\"widget\" data-widget_type=\"heading.default\">\n\t\t\t\t<div class=\"elementor-widget-container\">\n\t\t\t\t\t<h1 class=\"elementor-heading-title elementor-size-default\">Real estate investments<\/h1>\t\t\t\t<\/div>\n\t\t\t\t<\/div>\n\t\t\t\t\t<\/div>\n\t\t<\/div>\n\t\t\t\t\t<\/div>\n\t\t<\/section>\n\t\t\t\t<section class=\"elementor-section elementor-top-section elementor-element elementor-element-7317168 elementor-section-full_width elementor-section-content-middle elementor-section-height-default elementor-section-height-default\" data-id=\"7317168\" data-element_type=\"section\" data-e-type=\"section\">\n\t\t\t\t\t\t<div class=\"elementor-container elementor-column-gap-no\">\n\t\t\t\t\t<div class=\"elementor-column elementor-col-50 elementor-top-column elementor-element elementor-element-1da88fc\" data-id=\"1da88fc\" data-element_type=\"column\" data-e-type=\"column\" data-settings=\"{&quot;background_background&quot;:&quot;classic&quot;}\">\n\t\t\t<div class=\"elementor-widget-wrap elementor-element-populated\">\n\t\t\t\t\t<div class=\"elementor-background-overlay\"><\/div>\n\t\t\t\t\t\t<div class=\"elementor-element elementor-element-f751bf3 elementor-widget elementor-widget-image\" data-id=\"f751bf3\" data-element_type=\"widget\" data-e-type=\"widget\" data-widget_type=\"image.default\">\n\t\t\t\t<div class=\"elementor-widget-container\">\n\t\t\t\t\t\t\t\t\t\t\t\t\t\t\t<img fetchpriority=\"high\" decoding=\"async\" width=\"655\" height=\"1024\" src=\"https:\/\/gsavalia.pt\/wp-content\/uploads\/2019\/07\/Constru\u00e7\u00e3o-655x1024.jpg\" class=\"attachment-large size-large wp-image-876\" alt=\"Property investments\" srcset=\"https:\/\/gsavalia.pt\/wp-content\/uploads\/2019\/07\/Constru\u00e7\u00e3o.jpg 655w, https:\/\/gsavalia.pt\/wp-content\/uploads\/2019\/07\/Constru\u00e7\u00e3o-192x300.jpg 192w\" sizes=\"(max-width: 655px) 100vw, 655px\" \/>\t\t\t\t\t\t\t\t\t\t\t\t\t\t\t<\/div>\n\t\t\t\t<\/div>\n\t\t\t\t\t<\/div>\n\t\t<\/div>\n\t\t\t\t<div class=\"elementor-column elementor-col-50 elementor-top-column elementor-element elementor-element-d5bfd87\" data-id=\"d5bfd87\" data-element_type=\"column\" data-e-type=\"column\">\n\t\t\t<div class=\"elementor-widget-wrap elementor-element-populated\">\n\t\t\t\t\t\t<section class=\"elementor-section elementor-inner-section elementor-element elementor-element-307a022 elementor-section-boxed elementor-section-height-default elementor-section-height-default\" data-id=\"307a022\" data-element_type=\"section\" data-e-type=\"section\">\n\t\t\t\t\t\t<div class=\"elementor-container elementor-column-gap-default\">\n\t\t\t\t\t<div class=\"elementor-column elementor-col-100 elementor-inner-column elementor-element elementor-element-c436ac4\" data-id=\"c436ac4\" data-element_type=\"column\" data-e-type=\"column\" data-settings=\"{&quot;background_background&quot;:&quot;classic&quot;}\">\n\t\t\t<div class=\"elementor-widget-wrap elementor-element-populated\">\n\t\t\t\t\t\t<div class=\"elementor-element elementor-element-53da6d4 elementor-widget elementor-widget-heading\" data-id=\"53da6d4\" data-element_type=\"widget\" data-e-type=\"widget\" data-widget_type=\"heading.default\">\n\t\t\t\t<div class=\"elementor-widget-container\">\n\t\t\t\t\t<h2 class=\"elementor-heading-title elementor-size-default\">How can we help you with your real estate investments?<\/h2>\t\t\t\t<\/div>\n\t\t\t\t<\/div>\n\t\t\t\t<div class=\"elementor-element elementor-element-1f36411 elementor-widget elementor-widget-text-editor\" data-id=\"1f36411\" data-element_type=\"widget\" data-e-type=\"widget\" data-widget_type=\"text-editor.default\">\n\t\t\t\t<div class=\"elementor-widget-container\">\n\t\t\t\t\t\t\t\t\t<p>The real estate market is a good deal today, just as it was in the past and will certainly be in the future. However, some care is needed before making this type of investment.<\/p>\n<p>GSAVALIA is positioned as a consultant to any entity that seeks to make real estate investments. In this business, analysing multiple scenarios is essential to get more value.<\/p>\n<p>After a difficult economic period that we have experienced in recent times, when real estate investments have fallen sharply, at the moment we are witnessing a great demand in the search for new investment opportunities.<\/p>\n<p>For you, who is a potential individual buyer this service is also fully advisable. Whether it is choosing a good home for permanent home ownership, suited to your family needs or, if on the other hand, you seek for a secondary housing of your own, a holiday home where to spend the best moments of peacefulness. Inland or on the coast, where you are in contact with nature or, on the contrary, in more busy areas; whatever the situation, it is essencial to know if you are paying the right price for it. Whatever your case, an independent and rigorous assessment can make all the difference.<\/p>\n<p>For larger real estate promotions, detailed analysis of possible scenarios is often crucial to the success of the project. This type of service involves the analysis of PDM (Municipal Master Plan), detailed plans, the different possible buildings, of the surroundings, by the projection of various scenarios, all so that in the end the investor makes the best possible decision.<\/p>\n<p>Rely on the knowledge of our <a href=\"https:\/\/gsavalia.pt\/en\/real-estate-appraisers\/\">evaluator experts<\/a> before making your real estate investments.<\/p>\n\t\t\t\t\t\t\t\t<\/div>\n\t\t\t\t<\/div>\n\t\t\t\t\t<\/div>\n\t\t<\/div>\n\t\t\t\t\t<\/div>\n\t\t<\/section>\n\t\t\t\t\t<\/div>\n\t\t<\/div>\n\t\t\t\t\t<\/div>\n\t\t<\/section>\n\t\t\t\t<section class=\"elementor-section elementor-inner-section elementor-element elementor-element-6212a45d elementor-section-boxed elementor-section-height-default elementor-section-height-default\" data-id=\"6212a45d\" data-element_type=\"section\" data-e-type=\"section\" data-settings=\"{&quot;background_background&quot;:&quot;classic&quot;,&quot;shape_divider_top&quot;:&quot;split&quot;}\">\n\t\t\t\t\t<div class=\"elementor-shape elementor-shape-top\" aria-hidden=\"true\" data-negative=\"false\">\n\t\t\t<svg xmlns=\"http:\/\/www.w3.org\/2000\/svg\" viewBox=\"0 0 1000 20\" preserveAspectRatio=\"none\">\n\t<path class=\"elementor-shape-fill\" d=\"M0,0v3c0,0,393.8,0,483.4,0c9.2,0,16.6,7.4,16.6,16.6c0-9.1,7.4-16.6,16.6-16.6C606.2,3,1000,3,1000,3V0H0z\"\/>\n<\/svg>\t\t<\/div>\n\t\t\t\t\t<div class=\"elementor-container elementor-column-gap-default\">\n\t\t\t\t\t<div class=\"elementor-column elementor-col-100 elementor-inner-column elementor-element elementor-element-15f3a658\" data-id=\"15f3a658\" data-element_type=\"column\" data-e-type=\"column\">\n\t\t\t<div class=\"elementor-widget-wrap elementor-element-populated\">\n\t\t\t\t\t\t<div class=\"elementor-element elementor-element-11fd7324 elementor-widget elementor-widget-spacer\" data-id=\"11fd7324\" data-element_type=\"widget\" data-e-type=\"widget\" data-widget_type=\"spacer.default\">\n\t\t\t\t<div class=\"elementor-widget-container\">\n\t\t\t\t\t\t\t<div class=\"elementor-spacer\">\n\t\t\t<div class=\"elementor-spacer-inner\"><\/div>\n\t\t<\/div>\n\t\t\t\t\t\t<\/div>\n\t\t\t\t<\/div>\n\t\t\t\t<div class=\"elementor-element elementor-element-33de507e elementor-widget elementor-widget-heading\" data-id=\"33de507e\" data-element_type=\"widget\" data-e-type=\"widget\" data-widget_type=\"heading.default\">\n\t\t\t\t<div class=\"elementor-widget-container\">\n\t\t\t\t\t<h2 class=\"elementor-heading-title elementor-size-default\">Talk to us and ask for your free quote!<\/h2>\t\t\t\t<\/div>\n\t\t\t\t<\/div>\n\t\t\t\t<div class=\"elementor-element elementor-element-7ce3378a elementor-align-center elementor-tablet-align-center elementor-mobile-align-center elementor-hidden-desktop elementor-hidden-tablet elementor-widget elementor-widget-button\" data-id=\"7ce3378a\" data-element_type=\"widget\" data-e-type=\"widget\" data-widget_type=\"button.default\">\n\t\t\t\t<div class=\"elementor-widget-container\">\n\t\t\t\t\t\t\t\t\t<div class=\"elementor-button-wrapper\">\n\t\t\t\t\t<a class=\"elementor-button elementor-button-link elementor-size-sm\" href=\"tel:+351910001806\" rel=\"nofollow\" id=\"btn_ligar\">\n\t\t\t\t\t\t<span class=\"elementor-button-content-wrapper\">\n\t\t\t\t\t\t\t\t\t<span class=\"elementor-button-text\">Call now!<\/span>\n\t\t\t\t\t<\/span>\n\t\t\t\t\t<\/a>\n\t\t\t\t<\/div>\n\t\t\t\t\t\t\t\t<\/div>\n\t\t\t\t<\/div>\n\t\t\t\t<div class=\"elementor-element elementor-element-391372c8 elementor-align-center elementor-tablet-align-center elementor-mobile-align-center elementor-hidden-tablet elementor-hidden-phone elementor-widget elementor-widget-button\" data-id=\"391372c8\" data-element_type=\"widget\" data-e-type=\"widget\" data-widget_type=\"button.default\">\n\t\t\t\t<div class=\"elementor-widget-container\">\n\t\t\t\t\t\t\t\t\t<div class=\"elementor-button-wrapper\">\n\t\t\t\t\t<a class=\"elementor-button elementor-button-link elementor-size-sm\" href=\"https:\/\/gsavalia.pt\/en\/contact-us\/\" rel=\"nofollow\" id=\"btn_orc\">\n\t\t\t\t\t\t<span class=\"elementor-button-content-wrapper\">\n\t\t\t\t\t\t\t\t\t<span class=\"elementor-button-text\">Ask for a quote now!<\/span>\n\t\t\t\t\t<\/span>\n\t\t\t\t\t<\/a>\n\t\t\t\t<\/div>\n\t\t\t\t\t\t\t\t<\/div>\n\t\t\t\t<\/div>\n\t\t\t\t\t<\/div>\n\t\t<\/div>\n\t\t\t\t\t<\/div>\n\t\t<\/section>\n\t\t\t\t<section class=\"elementor-section elementor-top-section elementor-element elementor-element-627e058b elementor-section-boxed elementor-section-height-default elementor-section-height-default\" data-id=\"627e058b\" data-element_type=\"section\" data-e-type=\"section\" data-settings=\"{&quot;background_background&quot;:&quot;classic&quot;}\">\n\t\t\t\t\t\t<div class=\"elementor-container elementor-column-gap-default\">\n\t\t\t\t\t<div class=\"elementor-column elementor-col-100 elementor-top-column elementor-element elementor-element-16879ef8\" data-id=\"16879ef8\" data-element_type=\"column\" data-e-type=\"column\">\n\t\t\t<div class=\"elementor-widget-wrap elementor-element-populated\">\n\t\t\t\t\t\t<div class=\"elementor-element elementor-element-387f1ee3 elementor-widget elementor-widget-heading\" data-id=\"387f1ee3\" data-element_type=\"widget\" data-e-type=\"widget\" data-widget_type=\"heading.default\">\n\t\t\t\t<div class=\"elementor-widget-container\">\n\t\t\t\t\t<h2 class=\"elementor-heading-title elementor-size-default\">What our customers say about GSAVALIA?<\/h2>\t\t\t\t<\/div>\n\t\t\t\t<\/div>\n\t\t\t\t<div class=\"elementor-element elementor-element-4ba06302 elementor-widget elementor-widget-shortcode\" data-id=\"4ba06302\" data-element_type=\"widget\" data-e-type=\"widget\" data-widget_type=\"shortcode.default\">\n\t\t\t\t<div class=\"elementor-widget-container\">\n\t\t\t\t\t\t\t<div class=\"elementor-shortcode\"><div data-src=\"https:\/\/cdn.trustindex.io\/loader.js?98d2e5981c19688cdd52f55165\"><\/div><\/div>\n\t\t\t\t\t\t<\/div>\n\t\t\t\t<\/div>\n\t\t\t\t\t<\/div>\n\t\t<\/div>\n\t\t\t\t\t<\/div>\n\t\t<\/section>\n\t\t\t\t<section class=\"elementor-section elementor-top-section elementor-element elementor-element-a2c7dce elementor-section-boxed elementor-section-height-default elementor-section-height-default\" data-id=\"a2c7dce\" data-element_type=\"section\" data-e-type=\"section\">\n\t\t\t\t\t\t<div class=\"elementor-container elementor-column-gap-default\">\n\t\t\t\t\t<div class=\"elementor-column elementor-col-100 elementor-top-column elementor-element elementor-element-ffd8670\" data-id=\"ffd8670\" data-element_type=\"column\" data-e-type=\"column\">\n\t\t\t<div class=\"elementor-widget-wrap elementor-element-populated\">\n\t\t\t\t\t\t<div class=\"elementor-element elementor-element-6629927 elementor-widget elementor-widget-spacer\" data-id=\"6629927\" data-element_type=\"widget\" data-e-type=\"widget\" data-widget_type=\"spacer.default\">\n\t\t\t\t<div class=\"elementor-widget-container\">\n\t\t\t\t\t\t\t<div class=\"elementor-spacer\">\n\t\t\t<div class=\"elementor-spacer-inner\"><\/div>\n\t\t<\/div>\n\t\t\t\t\t\t<\/div>\n\t\t\t\t<\/div>\n\t\t\t\t\t<\/div>\n\t\t<\/div>\n\t\t\t\t\t<\/div>\n\t\t<\/section>\n\t\t\t\t<section class=\"elementor-section elementor-top-section elementor-element elementor-element-1160d577 elementor-section-boxed elementor-section-height-default elementor-section-height-default\" data-id=\"1160d577\" data-element_type=\"section\" data-e-type=\"section\" data-settings=\"{&quot;background_background&quot;:&quot;classic&quot;}\">\n\t\t\t\t\t\t\t<div class=\"elementor-background-overlay\"><\/div>\n\t\t\t\t\t\t\t<div class=\"elementor-container elementor-column-gap-default\">\n\t\t\t\t\t<div class=\"elementor-column elementor-col-100 elementor-top-column elementor-element elementor-element-2900a873\" data-id=\"2900a873\" data-element_type=\"column\" data-e-type=\"column\">\n\t\t\t<div class=\"elementor-widget-wrap elementor-element-populated\">\n\t\t\t\t\t\t<section class=\"elementor-section elementor-inner-section elementor-element elementor-element-6abea2cf elementor-section-boxed elementor-section-height-default elementor-section-height-default\" data-id=\"6abea2cf\" data-element_type=\"section\" data-e-type=\"section\">\n\t\t\t\t\t\t<div class=\"elementor-container elementor-column-gap-default\">\n\t\t\t\t\t<div class=\"elementor-column elementor-col-100 elementor-inner-column elementor-element elementor-element-494f23fc\" data-id=\"494f23fc\" data-element_type=\"column\" data-e-type=\"column\">\n\t\t\t<div class=\"elementor-widget-wrap elementor-element-populated\">\n\t\t\t\t\t\t<div class=\"elementor-element elementor-element-4f866cff elementor-widget elementor-widget-text-editor\" data-id=\"4f866cff\" data-element_type=\"widget\" data-e-type=\"widget\" data-widget_type=\"text-editor.default\">\n\t\t\t\t<div class=\"elementor-widget-container\">\n\t\t\t\t\t\t\t\t\t<p><img decoding=\"async\" src=\"https:\/\/gsavalia.pt\/wp-content\/uploads\/2019\/07\/logo.png\" alt=\"logo \" \/><\/p>\n\t\t\t\t\t\t\t\t<\/div>\n\t\t\t\t<\/div>\n\t\t\t\t<div class=\"elementor-element elementor-element-514d31f3 elementor-align-center elementor-icon-list--layout-traditional elementor-list-item-link-full_width elementor-widget elementor-widget-icon-list\" data-id=\"514d31f3\" data-element_type=\"widget\" data-e-type=\"widget\" data-widget_type=\"icon-list.default\">\n\t\t\t\t<div class=\"elementor-widget-container\">\n\t\t\t\t\t\t\t<ul class=\"elementor-icon-list-items\">\n\t\t\t\t\t\t\t<li class=\"elementor-icon-list-item\">\n\t\t\t\t\t\t\t\t\t\t\t<a href=\"\">\n\n\t\t\t\t\t\t\t\t\t\t\t\t<span class=\"elementor-icon-list-icon\">\n\t\t\t\t\t\t\t<i aria-hidden=\"true\" class=\"fas fa-phone\"><\/i>\t\t\t\t\t\t<\/span>\n\t\t\t\t\t\t\t\t\t\t<span class=\"elementor-icon-list-text\">Phone:  +351 910001806 (call to national mobile network)<\/span>\n\t\t\t\t\t\t\t\t\t\t\t<\/a>\n\t\t\t\t\t\t\t\t\t<\/li>\n\t\t\t\t\t\t\t\t<li class=\"elementor-icon-list-item\">\n\t\t\t\t\t\t\t\t\t\t\t<a href=\"\">\n\n\t\t\t\t\t\t\t\t\t\t\t\t<span class=\"elementor-icon-list-icon\">\n\t\t\t\t\t\t\t<i aria-hidden=\"true\" class=\"fas fa-envelope\"><\/i>\t\t\t\t\t\t<\/span>\n\t\t\t\t\t\t\t\t\t\t<span class=\"elementor-icon-list-text\">Email: info@gsavalia.pt<\/span>\n\t\t\t\t\t\t\t\t\t\t\t<\/a>\n\t\t\t\t\t\t\t\t\t<\/li>\n\t\t\t\t\t\t<\/ul>\n\t\t\t\t\t\t<\/div>\n\t\t\t\t<\/div>\n\t\t\t\t<div class=\"elementor-element elementor-element-6f26c051 elementor-widget elementor-widget-heading\" data-id=\"6f26c051\" data-element_type=\"widget\" data-e-type=\"widget\" data-widget_type=\"heading.default\">\n\t\t\t\t<div class=\"elementor-widget-container\">\n\t\t\t\t\t<h2 class=\"elementor-heading-title elementor-size-default\">Real estate valuations in Portugal<\/h2>\t\t\t\t<\/div>\n\t\t\t\t<\/div>\n\t\t\t\t\t<\/div>\n\t\t<\/div>\n\t\t\t\t\t<\/div>\n\t\t<\/section>\n\t\t\t\t\t<\/div>\n\t\t<\/div>\n\t\t\t\t\t<\/div>\n\t\t<\/section>\n\t\t\t\t<\/div>\n\t\t","protected":false},"excerpt":{"rendered":"<p>How can we help you with your real estate investments? Visit our website.<\/p>\n","protected":false},"author":1,"featured_media":0,"parent":0,"menu_order":0,"comment_status":"closed","ping_status":"closed","template":"elementor_header_footer","meta":{"footnotes":""},"class_list":["post-874","page","type-page","status-publish"],"yoast_head":"<!-- This site is optimized with the Yoast SEO plugin v27.1.1 - https:\/\/yoast.com\/product\/yoast-seo-wordpress\/ -->\n<title>Real Estate investments - GSAVALIA - Avalia\u00e7\u00e3o Imobili\u00e1ria<\/title>\n<meta name=\"description\" content=\"Rely on the knowledge of our evaluator experts before making your real estate investments. Contact us!\" \/>\n<meta name=\"robots\" content=\"index, follow, max-snippet:-1, max-image-preview:large, max-video-preview:-1\" \/>\n<link rel=\"canonical\" href=\"https:\/\/gsavalia.pt\/en\/property-investments\/\" \/>\n<meta property=\"og:locale\" content=\"en_US\" \/>\n<meta property=\"og:type\" content=\"article\" \/>\n<meta property=\"og:title\" content=\"Real Estate investments - GSAVALIA - Avalia\u00e7\u00e3o Imobili\u00e1ria\" \/>\n<meta property=\"og:description\" content=\"Rely on the knowledge of our evaluator experts before making your real estate investments. Contact us!\" \/>\n<meta property=\"og:url\" content=\"https:\/\/gsavalia.pt\/en\/property-investments\/\" \/>\n<meta property=\"og:site_name\" content=\"Avalia\u00e7\u00e3o Imobili\u00e1ria\" \/>\n<meta property=\"article:modified_time\" content=\"2023-08-03T08:27:26+00:00\" \/>\n<meta property=\"og:image\" content=\"https:\/\/gsavalia.pt\/wp-content\/uploads\/2019\/07\/logo.png\" \/>\n<meta name=\"twitter:card\" content=\"summary_large_image\" \/>\n<meta name=\"twitter:label1\" content=\"Est. reading time\" \/>\n\t<meta name=\"twitter:data1\" content=\"2 minutes\" \/>\n<script type=\"application\/ld+json\" class=\"yoast-schema-graph\">{\"@context\":\"https:\/\/schema.org\",\"@graph\":[{\"@type\":\"WebPage\",\"@id\":\"https:\/\/gsavalia.pt\/en\/property-investments\/\",\"url\":\"https:\/\/gsavalia.pt\/en\/property-investments\/\",\"name\":\"Real Estate investments - GSAVALIA - Avalia\u00e7\u00e3o Imobili\u00e1ria\",\"isPartOf\":{\"@id\":\"https:\/\/gsavalia.pt\/en\/#website\"},\"primaryImageOfPage\":{\"@id\":\"https:\/\/gsavalia.pt\/en\/property-investments\/#primaryimage\"},\"image\":{\"@id\":\"https:\/\/gsavalia.pt\/en\/property-investments\/#primaryimage\"},\"thumbnailUrl\":\"https:\/\/gsavalia.pt\/wp-content\/uploads\/2019\/07\/logo.png\",\"datePublished\":\"2021-05-24T22:33:13+00:00\",\"dateModified\":\"2023-08-03T08:27:26+00:00\",\"description\":\"Rely on the knowledge of our evaluator experts before making your real estate investments. Contact us!\",\"breadcrumb\":{\"@id\":\"https:\/\/gsavalia.pt\/en\/property-investments\/#breadcrumb\"},\"inLanguage\":\"en-US\",\"potentialAction\":[{\"@type\":\"ReadAction\",\"target\":[\"https:\/\/gsavalia.pt\/en\/property-investments\/\"]}]},{\"@type\":\"ImageObject\",\"inLanguage\":\"en-US\",\"@id\":\"https:\/\/gsavalia.pt\/en\/property-investments\/#primaryimage\",\"url\":\"https:\/\/gsavalia.pt\/wp-content\/uploads\/2019\/07\/logo.png\",\"contentUrl\":\"https:\/\/gsavalia.pt\/wp-content\/uploads\/2019\/07\/logo.png\"},{\"@type\":\"BreadcrumbList\",\"@id\":\"https:\/\/gsavalia.pt\/en\/property-investments\/#breadcrumb\",\"itemListElement\":[{\"@type\":\"ListItem\",\"position\":1,\"name\":\"Home\",\"item\":\"https:\/\/gsavalia.pt\/en\/\"},{\"@type\":\"ListItem\",\"position\":2,\"name\":\"Real Estate investments\"}]},{\"@type\":\"WebSite\",\"@id\":\"https:\/\/gsavalia.pt\/en\/#website\",\"url\":\"https:\/\/gsavalia.pt\/en\/\",\"name\":\"Avalia\u00e7\u00e3o de Im\u00f3veis\",\"description\":\"Avalia\u00e7\u00e3o imobili\u00e1ria de confian\u00e7a\",\"publisher\":{\"@id\":\"https:\/\/gsavalia.pt\/en\/#organization\"},\"potentialAction\":[{\"@type\":\"SearchAction\",\"target\":{\"@type\":\"EntryPoint\",\"urlTemplate\":\"https:\/\/gsavalia.pt\/en\/?s={search_term_string}\"},\"query-input\":{\"@type\":\"PropertyValueSpecification\",\"valueRequired\":true,\"valueName\":\"search_term_string\"}}],\"inLanguage\":\"en-US\"},{\"@type\":\"Organization\",\"@id\":\"https:\/\/gsavalia.pt\/en\/#organization\",\"name\":\"GSAVALIA\",\"url\":\"https:\/\/gsavalia.pt\/en\/\",\"logo\":{\"@type\":\"ImageObject\",\"inLanguage\":\"en-US\",\"@id\":\"https:\/\/gsavalia.pt\/en\/#\/schema\/logo\/image\/\",\"url\":\"https:\/\/gsavalia.pt\/wp-content\/uploads\/2019\/07\/logoreal.jpg\",\"contentUrl\":\"https:\/\/gsavalia.pt\/wp-content\/uploads\/2019\/07\/logoreal.jpg\",\"width\":125,\"height\":35,\"caption\":\"GSAVALIA\"},\"image\":{\"@id\":\"https:\/\/gsavalia.pt\/en\/#\/schema\/logo\/image\/\"}}]}<\/script>\n<!-- \/ Yoast SEO plugin. -->","yoast_head_json":{"title":"Real Estate investments - GSAVALIA - Avalia\u00e7\u00e3o Imobili\u00e1ria","description":"Rely on the knowledge of our evaluator experts before making your real estate investments. Contact us!","robots":{"index":"index","follow":"follow","max-snippet":"max-snippet:-1","max-image-preview":"max-image-preview:large","max-video-preview":"max-video-preview:-1"},"canonical":"https:\/\/gsavalia.pt\/en\/property-investments\/","og_locale":"en_US","og_type":"article","og_title":"Real Estate investments - GSAVALIA - Avalia\u00e7\u00e3o Imobili\u00e1ria","og_description":"Rely on the knowledge of our evaluator experts before making your real estate investments. Contact us!","og_url":"https:\/\/gsavalia.pt\/en\/property-investments\/","og_site_name":"Avalia\u00e7\u00e3o Imobili\u00e1ria","article_modified_time":"2023-08-03T08:27:26+00:00","og_image":[{"url":"https:\/\/gsavalia.pt\/wp-content\/uploads\/2019\/07\/logo.png","type":"","width":"","height":""}],"twitter_card":"summary_large_image","twitter_misc":{"Est. reading time":"2 minutes"},"schema":{"@context":"https:\/\/schema.org","@graph":[{"@type":"WebPage","@id":"https:\/\/gsavalia.pt\/en\/property-investments\/","url":"https:\/\/gsavalia.pt\/en\/property-investments\/","name":"Real Estate investments - GSAVALIA - Avalia\u00e7\u00e3o Imobili\u00e1ria","isPartOf":{"@id":"https:\/\/gsavalia.pt\/en\/#website"},"primaryImageOfPage":{"@id":"https:\/\/gsavalia.pt\/en\/property-investments\/#primaryimage"},"image":{"@id":"https:\/\/gsavalia.pt\/en\/property-investments\/#primaryimage"},"thumbnailUrl":"https:\/\/gsavalia.pt\/wp-content\/uploads\/2019\/07\/logo.png","datePublished":"2021-05-24T22:33:13+00:00","dateModified":"2023-08-03T08:27:26+00:00","description":"Rely on the knowledge of our evaluator experts before making your real estate investments. Contact us!","breadcrumb":{"@id":"https:\/\/gsavalia.pt\/en\/property-investments\/#breadcrumb"},"inLanguage":"en-US","potentialAction":[{"@type":"ReadAction","target":["https:\/\/gsavalia.pt\/en\/property-investments\/"]}]},{"@type":"ImageObject","inLanguage":"en-US","@id":"https:\/\/gsavalia.pt\/en\/property-investments\/#primaryimage","url":"https:\/\/gsavalia.pt\/wp-content\/uploads\/2019\/07\/logo.png","contentUrl":"https:\/\/gsavalia.pt\/wp-content\/uploads\/2019\/07\/logo.png"},{"@type":"BreadcrumbList","@id":"https:\/\/gsavalia.pt\/en\/property-investments\/#breadcrumb","itemListElement":[{"@type":"ListItem","position":1,"name":"Home","item":"https:\/\/gsavalia.pt\/en\/"},{"@type":"ListItem","position":2,"name":"Real Estate investments"}]},{"@type":"WebSite","@id":"https:\/\/gsavalia.pt\/en\/#website","url":"https:\/\/gsavalia.pt\/en\/","name":"Avalia\u00e7\u00e3o de Im\u00f3veis","description":"Avalia\u00e7\u00e3o imobili\u00e1ria de confian\u00e7a","publisher":{"@id":"https:\/\/gsavalia.pt\/en\/#organization"},"potentialAction":[{"@type":"SearchAction","target":{"@type":"EntryPoint","urlTemplate":"https:\/\/gsavalia.pt\/en\/?s={search_term_string}"},"query-input":{"@type":"PropertyValueSpecification","valueRequired":true,"valueName":"search_term_string"}}],"inLanguage":"en-US"},{"@type":"Organization","@id":"https:\/\/gsavalia.pt\/en\/#organization","name":"GSAVALIA","url":"https:\/\/gsavalia.pt\/en\/","logo":{"@type":"ImageObject","inLanguage":"en-US","@id":"https:\/\/gsavalia.pt\/en\/#\/schema\/logo\/image\/","url":"https:\/\/gsavalia.pt\/wp-content\/uploads\/2019\/07\/logoreal.jpg","contentUrl":"https:\/\/gsavalia.pt\/wp-content\/uploads\/2019\/07\/logoreal.jpg","width":125,"height":35,"caption":"GSAVALIA"},"image":{"@id":"https:\/\/gsavalia.pt\/en\/#\/schema\/logo\/image\/"}}]}},"_links":{"self":[{"href":"https:\/\/gsavalia.pt\/en\/wp-json\/wp\/v2\/pages\/874","targetHints":{"allow":["GET"]}}],"collection":[{"href":"https:\/\/gsavalia.pt\/en\/wp-json\/wp\/v2\/pages"}],"about":[{"href":"https:\/\/gsavalia.pt\/en\/wp-json\/wp\/v2\/types\/page"}],"author":[{"embeddable":true,"href":"https:\/\/gsavalia.pt\/en\/wp-json\/wp\/v2\/users\/1"}],"replies":[{"embeddable":true,"href":"https:\/\/gsavalia.pt\/en\/wp-json\/wp\/v2\/comments?post=874"}],"version-history":[{"count":15,"href":"https:\/\/gsavalia.pt\/en\/wp-json\/wp\/v2\/pages\/874\/revisions"}],"predecessor-version":[{"id":2361,"href":"https:\/\/gsavalia.pt\/en\/wp-json\/wp\/v2\/pages\/874\/revisions\/2361"}],"wp:attachment":[{"href":"https:\/\/gsavalia.pt\/en\/wp-json\/wp\/v2\/media?parent=874"}],"curies":[{"name":"wp","href":"https:\/\/api.w.org\/{rel}","templated":true}]}}